{"id":5890,"date":"2025-02-08T14:40:46","date_gmt":"2025-02-08T13:40:46","guid":{"rendered":"https:\/\/www.skiclub-teublitz.de\/?page_id=5890"},"modified":"2025-11-14T17:33:17","modified_gmt":"2025-11-14T16:33:17","slug":"skikurs2025","status":"publish","type":"page","link":"https:\/\/www.skiclub-teublitz.de\/?page_id=5890","title":{"rendered":"Skikurs2026"},"content":{"rendered":"\t\t<div data-elementor-type=\"wp-page\" data-elementor-id=\"5890\" class=\"elementor elementor-5890\">\n\t\t\t\t<div class=\"elementor-element elementor-element-19c201b e-con-full e-flex parallax_section_no qode_elementor_container_no e-con e-parent\" data-id=\"19c201b\" data-element_type=\"container\" data-settings=\"{&quot;background_background&quot;:&quot;classic&quot;}\">\n\t\t<div class=\"elementor-element elementor-element-ace4304 e-con-full elementor-hidden-tablet elementor-hidden-mobile e-flex parallax_section_no qode_elementor_container_no e-con e-child\" data-id=\"ace4304\" data-element_type=\"container\" data-settings=\"{&quot;background_background&quot;:&quot;classic&quot;,&quot;position&quot;:&quot;fixed&quot;}\">\n\t\t\t\t<div class=\"elementor-element elementor-element-8a5ed98 elementor-widget elementor-widget-spacer\" data-id=\"8a5ed98\" data-element_type=\"widget\" data-widget_type=\"spacer.default\">\n\t\t\t\t<div class=\"elementor-widget-container\">\n\t\t\t\t\t\t\t<div class=\"elementor-spacer\">\n\t\t\t<div class=\"elementor-spacer-inner\"><\/div>\n\t\t<\/div>\n\t\t\t\t\t\t<\/div>\n\t\t\t\t<\/div>\n\t\t\t\t<\/div>\n\t\t<div class=\"elementor-element elementor-element-96fb279 e-con-full e-flex parallax_section_no qode_elementor_container_no e-con e-child\" data-id=\"96fb279\" data-element_type=\"container\" data-settings=\"{&quot;background_background&quot;:&quot;classic&quot;}\">\n\t\t\t\t<div class=\"elementor-element elementor-element-1f1d536 elementor-widget elementor-widget-heading\" data-id=\"1f1d536\" data-element_type=\"widget\" data-widget_type=\"heading.default\">\n\t\t\t\t<div class=\"elementor-widget-container\">\n\t\t\t\t\t<h1 class=\"elementor-heading-title elementor-size-default\">Ski- &amp; Snowboard-kurse 2026<\/h1>\t\t\t\t<\/div>\n\t\t\t\t<\/div>\n\t\t\t\t<div class=\"elementor-element elementor-element-74370c7 elementor-widget__width-initial elementor-widget elementor-widget-qi_addons_for_elementor_section_title\" data-id=\"74370c7\" data-element_type=\"widget\" data-widget_type=\"qi_addons_for_elementor_section_title.default\">\n\t\t\t\t<div class=\"elementor-widget-container\">\n\t\t\t\t\t<div class=\"qodef-shortcode qodef-m qodef-qi-section-title qodef-decoration--italic qodef-link--underline-draw qodef-subtitle-icon--left\">\n\t\t\t\t\t\t\t\t<div class=\"qodef-m-text\"><p>Das Highlight des Jahres steht bevor! Unsere beliebten Ski- und Snowboardkurse am Gro\u00dfen Arber bieten f\u00fcr jedes Alter und K\u00f6nnen das passende Angebot. Unsere bestens geschulten \u00dcbungsleiter sorgen mit individueller Betreuung daf\u00fcr, dass alle Teilnehmer Spa\u00df haben und ihr K\u00f6nnen weiterentwickeln<\/p><\/div>\n\t<\/div>\n\t\t\t\t<\/div>\n\t\t\t\t<\/div>\n\t\t\t\t<div class=\"elementor-element elementor-element-9f53d1a elementor-widget elementor-widget-qi_addons_for_elementor_button\" data-id=\"9f53d1a\" data-element_type=\"widget\" data-widget_type=\"qi_addons_for_elementor_button.default\">\n\t\t\t\t<div class=\"elementor-widget-container\">\n\t\t\t\t\t<a class=\"qodef-shortcode qodef-m qodef-qi-button qodef-html--link qodef-layout--filled qodef-type--standard qodef-icon--right qodef-hover--icon-move-horizontal-short\" href=\"https:\/\/widgets.yolawo.de\/w\/68e8d7c80db6f6bdf8ef1732\/bookables\/68e3b4e0684a18d35270b0be\" target=\"_self\">\n\t<span class=\"qodef-m-text\">ANMELDUNG<\/span>\n\t<\/a>\n\t\t\t\t<\/div>\n\t\t\t\t<\/div>\n\t\t<div class=\"elementor-element elementor-element-71e1426 e-con-full e-flex parallax_section_no qode_elementor_container_no e-con e-child\" data-id=\"71e1426\" data-element_type=\"container\">\n\t\t\t\t<div class=\"elementor-element elementor-element-cb73380 elementor-widget elementor-widget-heading\" data-id=\"cb73380\" data-element_type=\"widget\" data-widget_type=\"heading.default\">\n\t\t\t\t<div class=\"elementor-widget-container\">\n\t\t\t\t\t<h1 class=\"elementor-heading-title elementor-size-default\">TREFFPUNKT &amp; KOSTEN<\/h1>\t\t\t\t<\/div>\n\t\t\t\t<\/div>\n\t\t\t\t<div class=\"elementor-element elementor-element-698dbca elementor-widget__width-initial elementor-widget elementor-widget-qi_addons_for_elementor_section_title\" data-id=\"698dbca\" data-element_type=\"widget\" data-widget_type=\"qi_addons_for_elementor_section_title.default\">\n\t\t\t\t<div class=\"elementor-widget-container\">\n\t\t\t\t\t<div class=\"qodef-shortcode qodef-m qodef-qi-section-title qodef-decoration--italic qodef-link--underline-draw qodef-subtitle-icon--left\">\n\t\t\t\t\t\t\t\t<\/div>\n\t\t\t\t<\/div>\n\t\t\t\t<\/div>\n\t\t<div class=\"elementor-element elementor-element-e6e833d e-flex e-con-boxed parallax_section_no qode_elementor_container_no e-con e-child\" data-id=\"e6e833d\" data-element_type=\"container\">\n\t\t\t\t\t<div class=\"e-con-inner\">\n\t\t\t\t<div class=\"elementor-element elementor-element-4d2c7a8 elementor-widget__width-initial elementor-widget elementor-widget-text-editor\" data-id=\"4d2c7a8\" data-element_type=\"widget\" data-widget_type=\"text-editor.default\">\n\t\t\t\t<div class=\"elementor-widget-container\">\n\t\t\t\t\t\t\t\t\t<p>Datum:<\/p><p>Uhrzeit:<\/p><p>Treffpunkt:<\/p><p>Kosten <em>(exkl. Skipass):<\/em><\/p>\t\t\t\t\t\t\t\t<\/div>\n\t\t\t\t<\/div>\n\t\t\t\t<div class=\"elementor-element elementor-element-5bb636f elementor-widget elementor-widget-text-editor\" data-id=\"5bb636f\" data-element_type=\"widget\" data-widget_type=\"text-editor.default\">\n\t\t\t\t<div class=\"elementor-widget-container\">\n\t\t\t\t\t\t\t\t\t<p>02.01. &#8211; 04.01.2025<\/p><p>07:00 Uhr<\/p><p>Friedhofparkplatz in Teublitz<\/p><p>Kinder ab 6 Jahren (Jg. 2009 &#8211; 2020) = 99\u20ac<\/p><p>Erwachsene (Jg. ab 2008) = 140 \u20ac<\/p><p>Begleitperson (alle Tage) = 50 \u20ac<\/p>\t\t\t\t\t\t\t\t<\/div>\n\t\t\t\t<\/div>\n\t\t\t\t\t<\/div>\n\t\t\t\t<\/div>\n\t\t\t\t<\/div>\n\t\t<div class=\"elementor-element elementor-element-c2f06d0 e-con-full e-flex parallax_section_no qode_elementor_container_no e-con e-child\" data-id=\"c2f06d0\" data-element_type=\"container\">\n\t\t\t\t<div class=\"elementor-element elementor-element-cb052c5 elementor-widget elementor-widget-text-editor\" data-id=\"cb052c5\" data-element_type=\"widget\" data-widget_type=\"text-editor.default\">\n\t\t\t\t<div class=\"elementor-widget-container\">\n\t\t\t\t\t\t\t\t\t<ul><li>Kosten f\u00fcr die Liftkarten werden im Bus eingesammelt (bitte Bargeld mitnehmen)<\/li><li>3-Tage-Skikarte Erwachsene (ab 17 Jahre) kostet: 123 EUR ohne KeyCard (https:\/\/www.arber.de\/preise\/)<\/li><li>3-Tage-Skikarte Kinder\/Jugendliche (bis 16): 84 EUR ohne Keycard (bei den Tageskarten ist jeweils das Kinderland auch mit inbegriffen)(https:\/\/www.arber.de\/preise\/)<\/li><li>Mittagessen wird am Bus vom Skiclub angeboten (Bus ist Mittags offen)<\/li><li>Die Kurse finden ab einer Teilnehmerzahl von 5 Personen statt<\/li><\/ul>\t\t\t\t\t\t\t\t<\/div>\n\t\t\t\t<\/div>\n\t\t\t\t<\/div>\n\t\t<div class=\"elementor-element elementor-element-9b2eb14 e-flex e-con-boxed parallax_section_no qode_elementor_container_no e-con e-child\" data-id=\"9b2eb14\" data-element_type=\"container\">\n\t\t\t\t\t<div class=\"e-con-inner\">\n\t\t\t\t<div class=\"elementor-element elementor-element-9ab4e8d elementor-widget__width-initial elementor-widget elementor-widget-qi_addons_for_elementor_section_title\" data-id=\"9ab4e8d\" data-element_type=\"widget\" data-widget_type=\"qi_addons_for_elementor_section_title.default\">\n\t\t\t\t<div class=\"elementor-widget-container\">\n\t\t\t\t\t<div class=\"qodef-shortcode qodef-m qodef-qi-section-title qodef-decoration--italic qodef-link--underline-draw qodef-subtitle-icon--left\">\n\t\t\t\t\t\t<h2 class=\"qodef-m-title\">\n\t\tDU HAST FRAGEN?\t<\/h2>\n\t\t\t<div class=\"qodef-m-text\"><p>Schreib und gerne eine Nachricht, wir k\u00fcmmern uns um dein Anliegen!<\/p><\/div>\n\t<\/div>\n\t\t\t\t<\/div>\n\t\t\t\t<\/div>\n\t\t\t\t<div class=\"elementor-element elementor-element-87dab5c elementor-widget__width-initial elementor-widget elementor-widget-bridge_cf_7\" data-id=\"87dab5c\" data-element_type=\"widget\" data-widget_type=\"bridge_cf_7.default\">\n\t\t\t\t<div class=\"elementor-widget-container\">\n\t\t\t\t\t    <div class=\"qode-contact-form-7 qode-contact-form-7-0\">\n    \n<div class=\"wpcf7 no-js\" id=\"wpcf7-f3594-o1\" lang=\"en-US\" dir=\"ltr\" data-wpcf7-id=\"3594\">\n<div class=\"screen-reader-response\"><p role=\"status\" aria-live=\"polite\" aria-atomic=\"true\"><\/p> <ul><\/ul><\/div>\n<form action=\"\/index.php?rest_route=%2Fwp%2Fv2%2Fpages%2F5890#wpcf7-f3594-o1\" method=\"post\" class=\"wpcf7-form init cf7_custom_style_1\" aria-label=\"Contact form\" novalidate=\"novalidate\" data-status=\"init\">\n<fieldset class=\"hidden-fields-container\"><input type=\"hidden\" name=\"_wpcf7\" value=\"3594\" \/><input type=\"hidden\" name=\"_wpcf7_version\" value=\"6.1.2\" \/><input type=\"hidden\" name=\"_wpcf7_locale\" value=\"en_US\" \/><input type=\"hidden\" name=\"_wpcf7_unit_tag\" value=\"wpcf7-f3594-o1\" \/><input type=\"hidden\" name=\"_wpcf7_container_post\" value=\"0\" \/><input type=\"hidden\" name=\"_wpcf7_posted_data_hash\" value=\"\" \/>\n<\/fieldset>\n<div class=\"mkdf-custom-form\">\n<div class='mkdf-cf-custom mkdf-cf'>\n<div class='mkdf-two-cols'>\n<span class=\"wpcf7-form-control-wrap\" data-name=\"text-423\"><input size=\"40\" maxlength=\"400\" class=\"wpcf7-form-control wpcf7-text\" aria-invalid=\"false\" placeholder=\"Dein Name\" value=\"\" type=\"text\" name=\"text-423\" \/><\/span><span class=\"wpcf7-form-control-wrap\" data-name=\"email-475\"><input size=\"40\" maxlength=\"400\" class=\"wpcf7-form-control wpcf7-email wpcf7-text wpcf7-validates-as-email\" aria-invalid=\"false\" placeholder=\"Deine E-Mail\" value=\"\" type=\"email\" name=\"email-475\" \/><\/span>\n<\/div>\n<span class=\"wpcf7-form-control-wrap\" data-name=\"text-423\"><input size=\"40\" maxlength=\"400\" class=\"wpcf7-form-control wpcf7-text\" aria-invalid=\"false\" placeholder=\"Thema\" value=\"\" type=\"text\" name=\"text-423\" \/><\/span>\n<span id=\"wpcf7-69de7dd8d4d76-wrapper\" class=\"wpcf7-form-control-wrap mail-207-wrap\" style=\"display:none !important; visibility:hidden !important;\"><label for=\"wpcf7-69de7dd8d4d76-field\" class=\"hp-message\">Please leave this field empty.<\/label><input id=\"wpcf7-69de7dd8d4d76-field\"  class=\"wpcf7-form-control wpcf7-text\" type=\"text\" name=\"mail-207\" value=\"\" size=\"40\" tabindex=\"-1\" autocomplete=\"new-password\" \/><\/span>\n<span class=\"wpcf7-form-control-wrap\" data-name=\"textarea-372\"><textarea cols=\"40\" rows=\"10\" maxlength=\"2000\" class=\"wpcf7-form-control wpcf7-textarea\" aria-invalid=\"false\" placeholder=\"Deine Nachricht an uns...\" name=\"textarea-372\"><\/textarea><\/span>\n<div class=\"mkdf-btn-outer-holder mkdf-btn-outer-simple mkdf-cf-button-outer\">\n<input class=\"wpcf7-form-control wpcf7-submit has-spinner\" type=\"submit\" value=\"Absenden\" \/><div class=\"mkdf-btn-top-line\"><\/div ><div class=\"mkdf-btn-right-line\"><\/div ><div class=\"mkdf-btn-bottom-line\"><\/div ><div class=\"mkdf-btn-left-line\"><\/div >\n<\/div>\n<\/div>\n<\/div><p style=\"display: none !important;\" class=\"akismet-fields-container\" data-prefix=\"_wpcf7_ak_\"><label>&#916;<textarea name=\"_wpcf7_ak_hp_textarea\" cols=\"45\" rows=\"8\" maxlength=\"100\"><\/textarea><\/label><input type=\"hidden\" id=\"ak_js_1\" name=\"_wpcf7_ak_js\" value=\"48\"\/><script>document.getElementById( \"ak_js_1\" ).setAttribute( \"value\", ( new Date() ).getTime() );<\/script><\/p><div class=\"wpcf7-response-output\" aria-hidden=\"true\"><\/div>\n<\/form>\n<\/div>\n    <\/div>\n\t\t\t\t<\/div>\n\t\t\t\t<\/div>\n\t\t\t\t\t<\/div>\n\t\t\t\t<\/div>\n\t\t\t\t<\/div>\n\t\t\t\t<\/div>\n\t\t\t\t<\/div>\n\t\t","protected":false},"excerpt":{"rendered":"<p>Ski- &amp; Snowboard-kurse 2026 Das Highlight des Jahres steht bevor! Unsere beliebten Ski- und Snowboardkurse am Gro\u00dfen Arber bieten f\u00fcr jedes Alter und K\u00f6nnen das passende Angebot. Unsere bestens geschulten \u00dcbungsleiter sorgen mit individueller Betreuung daf\u00fcr, dass alle Teilnehmer Spa\u00df haben und ihr K\u00f6nnen weiterentwickeln&#8230;<\/p>\n","protected":false},"author":1,"featured_media":0,"parent":0,"menu_order":0,"comment_status":"closed","ping_status":"closed","template":"full_width.php","meta":{"_monsterinsights_skip_tracking":false,"_monsterinsights_sitenote_active":false,"_monsterinsights_sitenote_note":"","_monsterinsights_sitenote_category":0,"footnotes":""},"class_list":["post-5890","page","type-page","status-publish","hentry"],"aioseo_notices":[],"_links":{"self":[{"href":"https:\/\/www.skiclub-teublitz.de\/index.php?rest_route=\/wp\/v2\/pages\/5890","targetHints":{"allow":["GET"]}}],"collection":[{"href":"https:\/\/www.skiclub-teublitz.de\/index.php?rest_route=\/wp\/v2\/pages"}],"about":[{"href":"https:\/\/www.skiclub-teublitz.de\/index.php?rest_route=\/wp\/v2\/types\/page"}],"author":[{"embeddable":true,"href":"https:\/\/www.skiclub-teublitz.de\/index.php?rest_route=\/wp\/v2\/users\/1"}],"replies":[{"embeddable":true,"href":"https:\/\/www.skiclub-teublitz.de\/index.php?rest_route=%2Fwp%2Fv2%2Fcomments&post=5890"}],"version-history":[{"count":10,"href":"https:\/\/www.skiclub-teublitz.de\/index.php?rest_route=\/wp\/v2\/pages\/5890\/revisions"}],"predecessor-version":[{"id":6287,"href":"https:\/\/www.skiclub-teublitz.de\/index.php?rest_route=\/wp\/v2\/pages\/5890\/revisions\/6287"}],"wp:attachment":[{"href":"https:\/\/www.skiclub-teublitz.de\/index.php?rest_route=%2Fwp%2Fv2%2Fmedia&parent=5890"}],"curies":[{"name":"wp","href":"https:\/\/api.w.org\/{rel}","templated":true}]}}