{"id":5795,"date":"2025-01-26T15:43:00","date_gmt":"2025-01-26T14:43:00","guid":{"rendered":"https:\/\/www.skiclub-teublitz.de\/?page_id=5795"},"modified":"2025-11-13T19:03:47","modified_gmt":"2025-11-13T18:03:47","slug":"zillertal","status":"publish","type":"page","link":"https:\/\/www.skiclub-teublitz.de\/?page_id=5795","title":{"rendered":"Zillertal"},"content":{"rendered":"\t\t<div data-elementor-type=\"wp-page\" data-elementor-id=\"5795\" class=\"elementor elementor-5795\">\n\t\t\t\t<div class=\"elementor-element elementor-element-19c201b e-con-full e-flex parallax_section_no qode_elementor_container_no e-con e-parent\" data-id=\"19c201b\" data-element_type=\"container\" data-settings=\"{&quot;background_background&quot;:&quot;classic&quot;}\">\n\t\t<div class=\"elementor-element elementor-element-ace4304 e-con-full elementor-hidden-tablet elementor-hidden-mobile e-flex parallax_section_no qode_elementor_container_no e-con e-child\" data-id=\"ace4304\" data-element_type=\"container\" data-settings=\"{&quot;background_background&quot;:&quot;classic&quot;,&quot;position&quot;:&quot;fixed&quot;}\">\n\t\t\t\t<div class=\"elementor-element elementor-element-8a5ed98 elementor-widget elementor-widget-spacer\" data-id=\"8a5ed98\" data-element_type=\"widget\" data-widget_type=\"spacer.default\">\n\t\t\t\t<div class=\"elementor-widget-container\">\n\t\t\t\t\t\t\t<div class=\"elementor-spacer\">\n\t\t\t<div class=\"elementor-spacer-inner\"><\/div>\n\t\t<\/div>\n\t\t\t\t\t\t<\/div>\n\t\t\t\t<\/div>\n\t\t\t\t<\/div>\n\t\t<div class=\"elementor-element elementor-element-96fb279 e-con-full e-flex parallax_section_no qode_elementor_container_no e-con e-child\" data-id=\"96fb279\" data-element_type=\"container\" data-settings=\"{&quot;background_background&quot;:&quot;classic&quot;}\">\n\t\t\t\t<div class=\"elementor-element elementor-element-1f1d536 elementor-widget elementor-widget-heading\" data-id=\"1f1d536\" data-element_type=\"widget\" data-widget_type=\"heading.default\">\n\t\t\t\t<div class=\"elementor-widget-container\">\n\t\t\t\t\t<h1 class=\"elementor-heading-title elementor-size-default\">Tagesfahrt ins zillertal<\/h1>\t\t\t\t<\/div>\n\t\t\t\t<\/div>\n\t\t\t\t<div class=\"elementor-element elementor-element-74370c7 elementor-widget__width-initial elementor-widget elementor-widget-qi_addons_for_elementor_section_title\" data-id=\"74370c7\" data-element_type=\"widget\" data-widget_type=\"qi_addons_for_elementor_section_title.default\">\n\t\t\t\t<div class=\"elementor-widget-container\">\n\t\t\t\t\t<div class=\"qodef-shortcode qodef-m qodef-qi-section-title qodef-decoration--italic qodef-link--underline-draw qodef-subtitle-icon--left\">\n\t\t\t\t\t\t\t\t<div class=\"qodef-m-text\"><p>Erlebe mit dem Skiclub einen unvergesslichen Skitag in Kaltenbach \u2013 im Herzen des Zillertals.<br \/>Dich erwarten perfekt pr\u00e4parierte Pisten im Skigebiet Hochzillertal-Hochf\u00fcgen, moderne Liftanlagen und pures Skivergn\u00fcgen bis auf \u00fcber 2.300 Meter.<\/p><p>Bei Ankunft und Abfahrt gibts eine Brotzeit am Bus inklusive!<\/p><\/div>\n\t<\/div>\n\t\t\t\t<\/div>\n\t\t\t\t<\/div>\n\t\t\t\t<div class=\"elementor-element elementor-element-9f53d1a elementor-widget elementor-widget-qi_addons_for_elementor_button\" data-id=\"9f53d1a\" data-element_type=\"widget\" data-widget_type=\"qi_addons_for_elementor_button.default\">\n\t\t\t\t<div class=\"elementor-widget-container\">\n\t\t\t\t\t<a class=\"qodef-shortcode qodef-m qodef-qi-button qodef-html--link qodef-layout--filled qodef-type--standard qodef-icon--right qodef-hover--icon-move-horizontal-short\" href=\"https:\/\/widgets.yolawo.de\/w\/68e8d7c80db6f6bdf8ef1732\/bookables\/68ed04231d1e57beff157061\" target=\"_self\">\n\t<span class=\"qodef-m-text\">ANMELDUNG<\/span>\n\t<\/a>\n\t\t\t\t<\/div>\n\t\t\t\t<\/div>\n\t\t<div class=\"elementor-element elementor-element-71e1426 e-con-full e-flex parallax_section_no qode_elementor_container_no e-con e-child\" data-id=\"71e1426\" data-element_type=\"container\">\n\t\t\t\t<div class=\"elementor-element elementor-element-cb73380 elementor-widget elementor-widget-heading\" data-id=\"cb73380\" data-element_type=\"widget\" data-widget_type=\"heading.default\">\n\t\t\t\t<div class=\"elementor-widget-container\">\n\t\t\t\t\t<h1 class=\"elementor-heading-title elementor-size-default\">WICHTIGE INFOS<\/h1>\t\t\t\t<\/div>\n\t\t\t\t<\/div>\n\t\t\t\t<div class=\"elementor-element elementor-element-698dbca elementor-widget__width-initial elementor-widget elementor-widget-qi_addons_for_elementor_section_title\" data-id=\"698dbca\" data-element_type=\"widget\" data-widget_type=\"qi_addons_for_elementor_section_title.default\">\n\t\t\t\t<div class=\"elementor-widget-container\">\n\t\t\t\t\t<div class=\"qodef-shortcode qodef-m qodef-qi-section-title qodef-decoration--italic qodef-link--underline-draw qodef-subtitle-icon--left\">\n\t\t\t\t\t\t\t\t<\/div>\n\t\t\t\t<\/div>\n\t\t\t\t<\/div>\n\t\t<div class=\"elementor-element elementor-element-e6e833d e-flex e-con-boxed parallax_section_no qode_elementor_container_no e-con e-child\" data-id=\"e6e833d\" data-element_type=\"container\">\n\t\t\t\t\t<div class=\"e-con-inner\">\n\t\t\t\t<div class=\"elementor-element elementor-element-4d2c7a8 elementor-widget__width-initial elementor-widget elementor-widget-text-editor\" data-id=\"4d2c7a8\" data-element_type=\"widget\" data-widget_type=\"text-editor.default\">\n\t\t\t\t<div class=\"elementor-widget-container\">\n\t\t\t\t\t\t\t\t\t<p>Datum:<\/p><p>Abfahrt:<\/p><p>R\u00fcckfahrt:<\/p><p>Treffpunkt:<\/p><p>Kosten <em>(exkl. Skipass):<\/em><\/p>\t\t\t\t\t\t\t\t<\/div>\n\t\t\t\t<\/div>\n\t\t\t\t<div class=\"elementor-element elementor-element-5bb636f elementor-widget-mobile__width-initial elementor-widget elementor-widget-text-editor\" data-id=\"5bb636f\" data-element_type=\"widget\" data-widget_type=\"text-editor.default\">\n\t\t\t\t<div class=\"elementor-widget-container\">\n\t\t\t\t\t\t\t\t\t<p>21.03.2026<\/p><p>05:30 Uhr<\/p><p>ca. 17:00 Uhr<\/p><p>Friedhofparkplatz in Teublitz<\/p><p>Mitglieder: 30 \u20ac<\/p><p>Nicht-Mitglieder: 40 \u20ac<\/p>\t\t\t\t\t\t\t\t<\/div>\n\t\t\t\t<\/div>\n\t\t\t\t\t<\/div>\n\t\t\t\t<\/div>\n\t\t\t\t<\/div>\n\t\t\t\t<div class=\"elementor-element elementor-element-5089406 elementor-widget elementor-widget-text-editor\" data-id=\"5089406\" data-element_type=\"widget\" data-widget_type=\"text-editor.default\">\n\t\t\t\t<div class=\"elementor-widget-container\">\n\t\t\t\t\t\t\t\t\t<p><em>Die Skip\u00e4sse werden gemeinsam vor Ort besorgt und das Geld im Bus eingesammelt.<\/em><\/p>\t\t\t\t\t\t\t\t<\/div>\n\t\t\t\t<\/div>\n\t\t<div class=\"elementor-element elementor-element-9b2eb14 e-flex e-con-boxed parallax_section_no qode_elementor_container_no e-con e-child\" data-id=\"9b2eb14\" data-element_type=\"container\">\n\t\t\t\t\t<div class=\"e-con-inner\">\n\t\t\t\t<div class=\"elementor-element elementor-element-9ab4e8d elementor-widget__width-initial elementor-widget elementor-widget-qi_addons_for_elementor_section_title\" data-id=\"9ab4e8d\" data-element_type=\"widget\" data-widget_type=\"qi_addons_for_elementor_section_title.default\">\n\t\t\t\t<div class=\"elementor-widget-container\">\n\t\t\t\t\t<div class=\"qodef-shortcode qodef-m qodef-qi-section-title qodef-decoration--italic qodef-link--underline-draw qodef-subtitle-icon--left\">\n\t\t\t\t\t\t<h2 class=\"qodef-m-title\">\n\t\tDU HAST FRAGEN?\t<\/h2>\n\t\t\t<div class=\"qodef-m-text\"><p>Schreib und gerne eine Nachricht, wir k\u00fcmmern uns um dein Anliegen!<\/p><\/div>\n\t<\/div>\n\t\t\t\t<\/div>\n\t\t\t\t<\/div>\n\t\t\t\t<div class=\"elementor-element elementor-element-7d68c1c elementor-widget elementor-widget-bridge_cf_7\" data-id=\"7d68c1c\" data-element_type=\"widget\" data-widget_type=\"bridge_cf_7.default\">\n\t\t\t\t<div class=\"elementor-widget-container\">\n\t\t\t\t\t    <div class=\"qode-contact-form-7 qode-contact-form-7-0\">\n    \n<div class=\"wpcf7 no-js\" id=\"wpcf7-f3594-o1\" lang=\"en-US\" dir=\"ltr\" data-wpcf7-id=\"3594\">\n<div class=\"screen-reader-response\"><p role=\"status\" aria-live=\"polite\" aria-atomic=\"true\"><\/p> <ul><\/ul><\/div>\n<form action=\"\/index.php?rest_route=%2Fwp%2Fv2%2Fpages%2F5795#wpcf7-f3594-o1\" method=\"post\" class=\"wpcf7-form init cf7_custom_style_1\" aria-label=\"Contact form\" novalidate=\"novalidate\" data-status=\"init\">\n<fieldset class=\"hidden-fields-container\"><input type=\"hidden\" name=\"_wpcf7\" value=\"3594\" \/><input type=\"hidden\" name=\"_wpcf7_version\" value=\"6.1.2\" \/><input type=\"hidden\" name=\"_wpcf7_locale\" value=\"en_US\" \/><input type=\"hidden\" name=\"_wpcf7_unit_tag\" value=\"wpcf7-f3594-o1\" \/><input type=\"hidden\" name=\"_wpcf7_container_post\" value=\"0\" \/><input type=\"hidden\" name=\"_wpcf7_posted_data_hash\" value=\"\" \/>\n<\/fieldset>\n<div class=\"mkdf-custom-form\">\n<div class='mkdf-cf-custom mkdf-cf'>\n<div class='mkdf-two-cols'>\n<span class=\"wpcf7-form-control-wrap\" data-name=\"text-423\"><input size=\"40\" maxlength=\"400\" class=\"wpcf7-form-control wpcf7-text\" aria-invalid=\"false\" placeholder=\"Dein Name\" value=\"\" type=\"text\" name=\"text-423\" \/><\/span><span class=\"wpcf7-form-control-wrap\" data-name=\"email-475\"><input size=\"40\" maxlength=\"400\" class=\"wpcf7-form-control wpcf7-email wpcf7-text wpcf7-validates-as-email\" aria-invalid=\"false\" placeholder=\"Deine E-Mail\" value=\"\" type=\"email\" name=\"email-475\" \/><\/span>\n<\/div>\n<span class=\"wpcf7-form-control-wrap\" data-name=\"text-423\"><input size=\"40\" maxlength=\"400\" class=\"wpcf7-form-control wpcf7-text\" aria-invalid=\"false\" placeholder=\"Thema\" value=\"\" type=\"text\" name=\"text-423\" \/><\/span>\n<span id=\"wpcf7-69e86a7cbda59-wrapper\" class=\"wpcf7-form-control-wrap mail-207-wrap\" style=\"display:none !important; visibility:hidden !important;\"><label for=\"wpcf7-69e86a7cbda59-field\" class=\"hp-message\">Please leave this field empty.<\/label><input id=\"wpcf7-69e86a7cbda59-field\"  class=\"wpcf7-form-control wpcf7-text\" type=\"text\" name=\"mail-207\" value=\"\" size=\"40\" tabindex=\"-1\" autocomplete=\"new-password\" \/><\/span>\n<span class=\"wpcf7-form-control-wrap\" data-name=\"textarea-372\"><textarea cols=\"40\" rows=\"10\" maxlength=\"2000\" class=\"wpcf7-form-control wpcf7-textarea\" aria-invalid=\"false\" placeholder=\"Deine Nachricht an uns...\" name=\"textarea-372\"><\/textarea><\/span>\n<div class=\"mkdf-btn-outer-holder mkdf-btn-outer-simple mkdf-cf-button-outer\">\n<input class=\"wpcf7-form-control wpcf7-submit has-spinner\" type=\"submit\" value=\"Absenden\" \/><div class=\"mkdf-btn-top-line\"><\/div ><div class=\"mkdf-btn-right-line\"><\/div ><div class=\"mkdf-btn-bottom-line\"><\/div ><div class=\"mkdf-btn-left-line\"><\/div >\n<\/div>\n<\/div>\n<\/div><p style=\"display: none !important;\" class=\"akismet-fields-container\" data-prefix=\"_wpcf7_ak_\"><label>&#916;<textarea name=\"_wpcf7_ak_hp_textarea\" cols=\"45\" rows=\"8\" maxlength=\"100\"><\/textarea><\/label><input type=\"hidden\" id=\"ak_js_1\" name=\"_wpcf7_ak_js\" value=\"45\"\/><script>document.getElementById( \"ak_js_1\" ).setAttribute( \"value\", ( new Date() ).getTime() );<\/script><\/p><div class=\"wpcf7-response-output\" aria-hidden=\"true\"><\/div>\n<\/form>\n<\/div>\n    <\/div>\n\t\t\t\t<\/div>\n\t\t\t\t<\/div>\n\t\t\t\t\t<\/div>\n\t\t\t\t<\/div>\n\t\t\t\t<\/div>\n\t\t\t\t<\/div>\n\t\t\t\t<\/div>\n\t\t","protected":false},"excerpt":{"rendered":"<p>Tagesfahrt ins zillertal Erlebe mit dem Skiclub einen unvergesslichen Skitag in Kaltenbach \u2013 im Herzen des Zillertals.Dich erwarten perfekt pr\u00e4parierte Pisten im Skigebiet Hochzillertal-Hochf\u00fcgen, moderne Liftanlagen und pures Skivergn\u00fcgen bis auf \u00fcber 2.300 Meter. Bei Ankunft und Abfahrt gibts eine Brotzeit am Bus inklusive! ANMELDUNG&#8230;<\/p>\n","protected":false},"author":1,"featured_media":0,"parent":0,"menu_order":0,"comment_status":"closed","ping_status":"closed","template":"full_width.php","meta":{"_monsterinsights_skip_tracking":false,"_monsterinsights_sitenote_active":false,"_monsterinsights_sitenote_note":"","_monsterinsights_sitenote_category":0,"footnotes":""},"class_list":["post-5795","page","type-page","status-publish","hentry"],"aioseo_notices":[],"_links":{"self":[{"href":"https:\/\/www.skiclub-teublitz.de\/index.php?rest_route=\/wp\/v2\/pages\/5795","targetHints":{"allow":["GET"]}}],"collection":[{"href":"https:\/\/www.skiclub-teublitz.de\/index.php?rest_route=\/wp\/v2\/pages"}],"about":[{"href":"https:\/\/www.skiclub-teublitz.de\/index.php?rest_route=\/wp\/v2\/types\/page"}],"author":[{"embeddable":true,"href":"https:\/\/www.skiclub-teublitz.de\/index.php?rest_route=\/wp\/v2\/users\/1"}],"replies":[{"embeddable":true,"href":"https:\/\/www.skiclub-teublitz.de\/index.php?rest_route=%2Fwp%2Fv2%2Fcomments&post=5795"}],"version-history":[{"count":10,"href":"https:\/\/www.skiclub-teublitz.de\/index.php?rest_route=\/wp\/v2\/pages\/5795\/revisions"}],"predecessor-version":[{"id":6275,"href":"https:\/\/www.skiclub-teublitz.de\/index.php?rest_route=\/wp\/v2\/pages\/5795\/revisions\/6275"}],"wp:attachment":[{"href":"https:\/\/www.skiclub-teublitz.de\/index.php?rest_route=%2Fwp%2Fv2%2Fmedia&parent=5795"}],"curies":[{"name":"wp","href":"https:\/\/api.w.org\/{rel}","templated":true}]}}